{"id":5036,"date":"2023-04-13T17:18:44","date_gmt":"2023-04-13T15:18:44","guid":{"rendered":"https:\/\/www.elision.com\/channel-traceability-check\/"},"modified":"2024-01-18T12:50:12","modified_gmt":"2024-01-18T11:50:12","slug":"channel-traceability-check","status":"publish","type":"page","link":"https:\/\/www.elision.com\/fr\/channel-traceability-check\/","title":{"rendered":"Tra&ccedil;abilit&eacute; et contr&ocirc;le des canaux de distribution"},"content":{"rendered":"\t\t<div data-elementor-type=\"wp-page\" data-elementor-id=\"5036\" class=\"elementor elementor-5036 elementor-2804\" data-elementor-post-type=\"page\">\n\t\t\t\t\t\t<section class=\"elementor-section elementor-top-section elementor-element elementor-element-cfacac6 elementor-section-boxed elementor-section-height-default elementor-section-height-default\" data-id=\"cfacac6\" data-element_type=\"section\" data-settings=\"{&quot;background_background&quot;:&quot;classic&quot;}\">\n\t\t\t\t\t\t\t<div class=\"elementor-background-overlay\"><\/div>\n\t\t\t\t\t\t\t<div class=\"elementor-container elementor-column-gap-default\">\n\t\t\t\t\t<div class=\"elementor-column elementor-col-100 elementor-top-column elementor-element elementor-element-2ec8370\" data-id=\"2ec8370\" data-element_type=\"column\">\n\t\t\t<div class=\"elementor-widget-wrap elementor-element-populated\">\n\t\t\t\t\t\t<div class=\"elementor-element elementor-element-d038f86 elementor-widget elementor-widget-spacer\" data-id=\"d038f86\" data-element_type=\"widget\" data-widget_type=\"spacer.default\">\n\t\t\t\t\t\t\t<div class=\"elementor-spacer\">\n\t\t\t<div class=\"elementor-spacer-inner\"><\/div>\n\t\t<\/div>\n\t\t\t\t\t\t<\/div>\n\t\t\t\t\t<\/div>\n\t\t<\/div>\n\t\t\t\t\t<\/div>\n\t\t<\/section>\n\t\t\t\t<section class=\"elementor-section elementor-top-section elementor-element elementor-element-94fdb21 elementor-section-boxed elementor-section-height-default elementor-section-height-default\" data-id=\"94fdb21\" data-element_type=\"section\">\n\t\t\t\t\t\t<div class=\"elementor-container elementor-column-gap-default\">\n\t\t\t\t\t<div class=\"elementor-column elementor-col-100 elementor-top-column elementor-element elementor-element-e26b1a7\" data-id=\"e26b1a7\" data-element_type=\"column\">\n\t\t\t<div class=\"elementor-widget-wrap elementor-element-populated\">\n\t\t\t\t\t\t<div class=\"elementor-element elementor-element-934df5c elementor-widget elementor-widget-heading\" data-id=\"934df5c\" data-element_type=\"widget\" data-widget_type=\"heading.default\">\n\t\t\t\t\t<h1 class=\"elementor-heading-title elementor-size-default\">Tra&ccedil;abilit&eacute; et contr&ocirc;le des canaux de distribution<\/h1>\t\t\t\t<\/div>\n\t\t\t\t<div class=\"elementor-element elementor-element-890488a elementor-widget-divider--view-line elementor-widget elementor-widget-divider\" data-id=\"890488a\" data-element_type=\"widget\" data-widget_type=\"divider.default\">\n\t\t\t\t\t\t\t<div class=\"elementor-divider\">\n\t\t\t<span class=\"elementor-divider-separator\">\n\t\t\t\t\t\t<\/span>\n\t\t<\/div>\n\t\t\t\t\t\t<\/div>\n\t\t\t\t\t<\/div>\n\t\t<\/div>\n\t\t\t\t\t<\/div>\n\t\t<\/section>\n\t\t\t\t<section class=\"elementor-section elementor-top-section elementor-element elementor-element-9ae0ce8 elementor-section-boxed elementor-section-height-default elementor-section-height-default\" data-id=\"9ae0ce8\" data-element_type=\"section\">\n\t\t\t\t\t\t<div class=\"elementor-container elementor-column-gap-default\">\n\t\t\t\t\t<div class=\"elementor-column elementor-col-100 elementor-top-column elementor-element elementor-element-d5c2663\" data-id=\"d5c2663\" data-element_type=\"column\">\n\t\t\t<div class=\"elementor-widget-wrap elementor-element-populated\">\n\t\t\t\t\t\t<div class=\"elementor-element elementor-element-b82d63e elementor-widget elementor-widget-text-editor\" data-id=\"b82d63e\" data-element_type=\"widget\" data-widget_type=\"text-editor.default\">\n\t\t\t\t\t\t\t\t\t<p>En tirant parti de l&rsquo;IoT et de la Blockchain, Elision associe aux objets une identit&eacute; num&eacute;rique qui garantit le contr&ocirc;le du march&eacute; gris et de la distribution.<\/p>\n<p>La Blockchain garantit la tra&ccedil;abilit&eacute; m&ecirc;me lorsqu&rsquo;il n&rsquo;est pas possible d&rsquo;appliquer un &eacute;l&eacute;ment physique d&rsquo;authentification en mesure de collecter des donn&eacute;es.<\/p>\n<p>Les tags RFID et les capteurs IoT peuvent &eacute;galement &ecirc;tre utilis&eacute;s pour tracer le produit tout au long du canal de distribution, en mettant en &eacute;vidence toutes les situations anormales.<\/p>\n\t\t\t\t\t\t\t\t<\/div>\n\t\t\t\t\t<\/div>\n\t\t<\/div>\n\t\t\t\t\t<\/div>\n\t\t<\/section>\n\t\t\t\t<\/div>\n\t\t","protected":false},"excerpt":{"rendered":"<p>Tra&ccedil;abilit&eacute; et contr&ocirc;le des canaux de distribution En tirant parti de l&rsquo;IoT et de la Blockchain, Elision associe aux objets une identit&eacute; num&eacute;rique qui garantit le contr&ocirc;le du march&eacute; gris et de la distribution. La Blockchain garantit la tra&ccedil;abilit&eacute; m&ecirc;me lorsqu&rsquo;il n&rsquo;est pas possible d&rsquo;appliquer un &eacute;l&eacute;ment physique d&rsquo;authentification en mesure de collecter des donn&eacute;es. [&hellip;]<\/p>\n","protected":false},"author":15,"featured_media":0,"parent":0,"menu_order":0,"comment_status":"closed","ping_status":"closed","template":"","meta":{"footnotes":""},"class_list":["post-5036","page","type-page","status-publish","hentry"],"yoast_head":"<!-- This site is optimized with the Yoast SEO Premium plugin v22.1 (Yoast SEO v27.4) - https:\/\/yoast.com\/product\/yoast-seo-premium-wordpress\/ -->\n<title>Tra&ccedil;abilit&eacute; et contr&ocirc;le des canaux de distribution - Elision<\/title>\n<meta name=\"description\" content=\"En tirant parti de l\u2019IoT et de la Blockchain, Elision associe aux objets une identit\u00e9 num\u00e9rique qui garantit le contr\u00f4le du march\u00e9 gris.\" \/>\n<meta name=\"robots\" content=\"index, follow, max-snippet:-1, max-image-preview:large, max-video-preview:-1\" \/>\n<link rel=\"canonical\" href=\"https:\/\/www.elision.com\/channel-traceability-check\/\" \/>\n<meta property=\"og:locale\" content=\"fr_FR\" \/>\n<meta property=\"og:type\" content=\"article\" \/>\n<meta property=\"og:title\" content=\"Tra&ccedil;abilit&eacute; et contr&ocirc;le des canaux de distribution\" \/>\n<meta property=\"og:description\" content=\"En tirant parti de l\u2019IoT et de la Blockchain, Elision associe aux objets une identit\u00e9 num\u00e9rique qui garantit le contr\u00f4le du march\u00e9 gris.\" \/>\n<meta property=\"og:url\" content=\"https:\/\/www.elision.com\/channel-traceability-check\/\" \/>\n<meta property=\"og:site_name\" content=\"Elision\" \/>\n<meta property=\"article:modified_time\" content=\"2024-01-18T11:50:12+00:00\" \/>\n<script type=\"application\/ld+json\" class=\"yoast-schema-graph\">{\"@context\":\"https:\\\/\\\/schema.org\",\"@graph\":[{\"@type\":\"WebPage\",\"@id\":\"https:\\\/\\\/www.elision.com\\\/channel-traceability-check\\\/\",\"url\":\"https:\\\/\\\/www.elision.com\\\/channel-traceability-check\\\/\",\"name\":\"Tra&ccedil;abilit&eacute; et contr&ocirc;le des canaux de distribution - Elision\",\"isPartOf\":{\"@id\":\"https:\\\/\\\/www.elision.com\\\/#website\"},\"datePublished\":\"2023-04-13T15:18:44+00:00\",\"dateModified\":\"2024-01-18T11:50:12+00:00\",\"description\":\"En tirant parti de l\u2019IoT et de la Blockchain, Elision associe aux objets une identit\u00e9 num\u00e9rique qui garantit le contr\u00f4le du march\u00e9 gris.\",\"breadcrumb\":{\"@id\":\"https:\\\/\\\/www.elision.com\\\/channel-traceability-check\\\/#breadcrumb\"},\"inLanguage\":\"fr-FR\",\"potentialAction\":[{\"@type\":\"ReadAction\",\"target\":[\"https:\\\/\\\/www.elision.com\\\/channel-traceability-check\\\/\"]}]},{\"@type\":\"BreadcrumbList\",\"@id\":\"https:\\\/\\\/www.elision.com\\\/channel-traceability-check\\\/#breadcrumb\",\"itemListElement\":[{\"@type\":\"ListItem\",\"position\":1,\"name\":\"Home\",\"item\":\"https:\\\/\\\/www.elision.com\\\/fr\\\/\"},{\"@type\":\"ListItem\",\"position\":2,\"name\":\"Tra&ccedil;abilit&eacute; et contr&ocirc;le des canaux de distribution\"}]},{\"@type\":\"WebSite\",\"@id\":\"https:\\\/\\\/www.elision.com\\\/#website\",\"url\":\"https:\\\/\\\/www.elision.com\\\/\",\"name\":\"Elision\",\"description\":\"Brand Value Solutions\",\"publisher\":{\"@id\":\"https:\\\/\\\/www.elision.com\\\/#organization\"},\"alternateName\":\"Elision the IoT company of Tesisquare\",\"potentialAction\":[{\"@type\":\"SearchAction\",\"target\":{\"@type\":\"EntryPoint\",\"urlTemplate\":\"https:\\\/\\\/www.elision.com\\\/?s={search_term_string}\"},\"query-input\":{\"@type\":\"PropertyValueSpecification\",\"valueRequired\":true,\"valueName\":\"search_term_string\"}}],\"inLanguage\":\"fr-FR\"},{\"@type\":\"Organization\",\"@id\":\"https:\\\/\\\/www.elision.com\\\/#organization\",\"name\":\"Elision S.r.l.\",\"alternateName\":\"Elision the IoT company of Tesisquare\",\"url\":\"https:\\\/\\\/www.elision.com\\\/\",\"logo\":{\"@type\":\"ImageObject\",\"inLanguage\":\"fr-FR\",\"@id\":\"https:\\\/\\\/www.elision.com\\\/#\\\/schema\\\/logo\\\/image\\\/\",\"url\":\"https:\\\/\\\/www.elision.com\\\/wp-content\\\/uploads\\\/2023\\\/03\\\/logo-elision-wb.svg\",\"contentUrl\":\"https:\\\/\\\/www.elision.com\\\/wp-content\\\/uploads\\\/2023\\\/03\\\/logo-elision-wb.svg\",\"width\":1,\"height\":1,\"caption\":\"Elision S.r.l.\"},\"image\":{\"@id\":\"https:\\\/\\\/www.elision.com\\\/#\\\/schema\\\/logo\\\/image\\\/\"},\"sameAs\":[\"https:\\\/\\\/www.linkedin.com\\\/company\\\/elision-srl\"],\"email\":\"info@elision.it\",\"telephone\":\"+39 0163 8180387\",\"legalName\":\"Elision S.r.l.\",\"vatID\":\"IT01723720031\",\"numberOfEmployees\":{\"@type\":\"QuantitativeValue\",\"minValue\":\"11\",\"maxValue\":\"50\"}}]}<\/script>\n<!-- \/ Yoast SEO Premium plugin. -->","yoast_head_json":{"title":"Tra&ccedil;abilit&eacute; et contr&ocirc;le des canaux de distribution - Elision","description":"En tirant parti de l\u2019IoT et de la Blockchain, Elision associe aux objets une identit\u00e9 num\u00e9rique qui garantit le contr\u00f4le du march\u00e9 gris.","robots":{"index":"index","follow":"follow","max-snippet":"max-snippet:-1","max-image-preview":"max-image-preview:large","max-video-preview":"max-video-preview:-1"},"canonical":"https:\/\/www.elision.com\/channel-traceability-check\/","og_locale":"fr_FR","og_type":"article","og_title":"Tra&ccedil;abilit&eacute; et contr&ocirc;le des canaux de distribution","og_description":"En tirant parti de l\u2019IoT et de la Blockchain, Elision associe aux objets une identit\u00e9 num\u00e9rique qui garantit le contr\u00f4le du march\u00e9 gris.","og_url":"https:\/\/www.elision.com\/channel-traceability-check\/","og_site_name":"Elision","article_modified_time":"2024-01-18T11:50:12+00:00","schema":{"@context":"https:\/\/schema.org","@graph":[{"@type":"WebPage","@id":"https:\/\/www.elision.com\/channel-traceability-check\/","url":"https:\/\/www.elision.com\/channel-traceability-check\/","name":"Tra&ccedil;abilit&eacute; et contr&ocirc;le des canaux de distribution - Elision","isPartOf":{"@id":"https:\/\/www.elision.com\/#website"},"datePublished":"2023-04-13T15:18:44+00:00","dateModified":"2024-01-18T11:50:12+00:00","description":"En tirant parti de l\u2019IoT et de la Blockchain, Elision associe aux objets une identit\u00e9 num\u00e9rique qui garantit le contr\u00f4le du march\u00e9 gris.","breadcrumb":{"@id":"https:\/\/www.elision.com\/channel-traceability-check\/#breadcrumb"},"inLanguage":"fr-FR","potentialAction":[{"@type":"ReadAction","target":["https:\/\/www.elision.com\/channel-traceability-check\/"]}]},{"@type":"BreadcrumbList","@id":"https:\/\/www.elision.com\/channel-traceability-check\/#breadcrumb","itemListElement":[{"@type":"ListItem","position":1,"name":"Home","item":"https:\/\/www.elision.com\/fr\/"},{"@type":"ListItem","position":2,"name":"Tra&ccedil;abilit&eacute; et contr&ocirc;le des canaux de distribution"}]},{"@type":"WebSite","@id":"https:\/\/www.elision.com\/#website","url":"https:\/\/www.elision.com\/","name":"Elision","description":"Brand Value Solutions","publisher":{"@id":"https:\/\/www.elision.com\/#organization"},"alternateName":"Elision the IoT company of Tesisquare","potentialAction":[{"@type":"SearchAction","target":{"@type":"EntryPoint","urlTemplate":"https:\/\/www.elision.com\/?s={search_term_string}"},"query-input":{"@type":"PropertyValueSpecification","valueRequired":true,"valueName":"search_term_string"}}],"inLanguage":"fr-FR"},{"@type":"Organization","@id":"https:\/\/www.elision.com\/#organization","name":"Elision S.r.l.","alternateName":"Elision the IoT company of Tesisquare","url":"https:\/\/www.elision.com\/","logo":{"@type":"ImageObject","inLanguage":"fr-FR","@id":"https:\/\/www.elision.com\/#\/schema\/logo\/image\/","url":"https:\/\/www.elision.com\/wp-content\/uploads\/2023\/03\/logo-elision-wb.svg","contentUrl":"https:\/\/www.elision.com\/wp-content\/uploads\/2023\/03\/logo-elision-wb.svg","width":1,"height":1,"caption":"Elision S.r.l."},"image":{"@id":"https:\/\/www.elision.com\/#\/schema\/logo\/image\/"},"sameAs":["https:\/\/www.linkedin.com\/company\/elision-srl"],"email":"info@elision.it","telephone":"+39 0163 8180387","legalName":"Elision S.r.l.","vatID":"IT01723720031","numberOfEmployees":{"@type":"QuantitativeValue","minValue":"11","maxValue":"50"}}]}},"_links":{"self":[{"href":"https:\/\/www.elision.com\/fr\/wp-json\/wp\/v2\/pages\/5036","targetHints":{"allow":["GET"]}}],"collection":[{"href":"https:\/\/www.elision.com\/fr\/wp-json\/wp\/v2\/pages"}],"about":[{"href":"https:\/\/www.elision.com\/fr\/wp-json\/wp\/v2\/types\/page"}],"author":[{"embeddable":true,"href":"https:\/\/www.elision.com\/fr\/wp-json\/wp\/v2\/users\/15"}],"replies":[{"embeddable":true,"href":"https:\/\/www.elision.com\/fr\/wp-json\/wp\/v2\/comments?post=5036"}],"version-history":[{"count":0,"href":"https:\/\/www.elision.com\/fr\/wp-json\/wp\/v2\/pages\/5036\/revisions"}],"wp:attachment":[{"href":"https:\/\/www.elision.com\/fr\/wp-json\/wp\/v2\/media?parent=5036"}],"curies":[{"name":"wp","href":"https:\/\/api.w.org\/{rel}","templated":true}]}}